{"id":79958,"date":"2022-07-14T14:45:22","date_gmt":"2022-07-14T12:45:22","guid":{"rendered":"https:\/\/pre.kottmann-engineering.org\/?page_id=79958"},"modified":"2025-11-24T14:05:20","modified_gmt":"2025-11-24T13:05:20","slug":"maerker-ofen-8","status":"publish","type":"page","link":"https:\/\/kottmann-engineering.com\/en\/maerker-ofen-8\/","title":{"rendered":"Nachricht &#8211; M\u00e4rker Zement Ofen 8"},"content":{"rendered":"<div data-elementor-type=\"wp-page\" data-elementor-id=\"79958\" class=\"elementor elementor-79958\">\n\t\t\t\t\t\t<section class=\"elementor-section elementor-top-section elementor-element elementor-element-122b5be3 elementor-section-stretched elementor-section-full_width elementor-section-height-default elementor-section-height-default\" data-id=\"122b5be3\" data-element_type=\"section\" data-e-type=\"section\" data-settings=\"{&quot;stretch_section&quot;:&quot;section-stretched&quot;,&quot;background_background&quot;:&quot;classic&quot;}\">\n\t\t\t\t\t\t\t<div class=\"elementor-background-overlay\"><\/div>\n\t\t\t\t\t\t\t<div class=\"elementor-container elementor-column-gap-default\">\n\t\t\t\t\t<div class=\"elementor-column elementor-col-100 elementor-top-column elementor-element elementor-element-1576367c\" data-fullscreen-column-settings=\"{&quot;fullscreen&quot;:&quot;&quot;}\" data-id=\"1576367c\" data-element_type=\"column\" data-e-type=\"column\">\n\t\t\t<div class=\"elementor-widget-wrap elementor-element-populated\">\n\t\t\t\t\t\t<div class=\"elementor-element elementor-element-70df4c84 elementor-widget elementor-widget-spacer\" data-id=\"70df4c84\" data-element_type=\"widget\" data-e-type=\"widget\" data-widget_type=\"spacer.default\">\n\t\t\t\t<div class=\"elementor-widget-container\">\n\t\t\t\t\t\t\t<div class=\"elementor-spacer\">\n\t\t\t<div class=\"elementor-spacer-inner\"><\/div>\n\t\t<\/div>\n\t\t\t\t\t\t<\/div>\n\t\t\t\t<\/div>\n\t\t\t\t<div class=\"elementor-element elementor-element-85d28a4 elementor-widget elementor-widget-heading\" data-id=\"85d28a4\" data-element_type=\"widget\" data-e-type=\"widget\" data-widget_type=\"heading.default\">\n\t\t\t\t<div class=\"elementor-widget-container\">\n\t\t\t\t\t<h1 class=\"elementor-heading-title elementor-size-default\"><a href=\"\/en\/aktuelles\/\">News<\/a><\/h1>\t\t\t\t<\/div>\n\t\t\t\t<\/div>\n\t\t\t\t\t<\/div>\n\t\t<\/div>\n\t\t\t\t\t<\/div>\n\t\t<\/section>\n\t\t\t\t<section class=\"elementor-section elementor-top-section elementor-element elementor-element-772d2088 elementor-section-stretched elementor-section-full_width elementor-section-height-default elementor-section-height-default\" data-id=\"772d2088\" data-element_type=\"section\" data-e-type=\"section\" data-settings=\"{&quot;stretch_section&quot;:&quot;section-stretched&quot;,&quot;background_background&quot;:&quot;classic&quot;,&quot;animation&quot;:&quot;none&quot;}\">\n\t\t\t\t\t\t<div class=\"elementor-container elementor-column-gap-default\">\n\t\t\t\t\t<div class=\"elementor-column elementor-col-100 elementor-top-column elementor-element elementor-element-338faaaa animated-slow\" data-fullscreen-column-settings=\"{&quot;fullscreen&quot;:&quot;&quot;}\" data-id=\"338faaaa\" data-element_type=\"column\" data-e-type=\"column\" data-settings=\"{&quot;background_background&quot;:&quot;classic&quot;,&quot;animation&quot;:&quot;none&quot;}\">\n\t\t\t<div class=\"elementor-widget-wrap elementor-element-populated\">\n\t\t\t\t\t<div class=\"elementor-background-overlay\"><\/div>\n\t\t\t\t\t\t<div class=\"elementor-element elementor-element-34c6f26c elementor-widget__width-initial elementor-widget elementor-widget-heading\" data-id=\"34c6f26c\" data-element_type=\"widget\" data-e-type=\"widget\" data-widget_type=\"heading.default\">\n\t\t\t\t<div class=\"elementor-widget-container\">\n\t\t\t\t\t<h2 class=\"elementor-heading-title elementor-size-default\">M\u00e4rker cement kiln 8 - June 2022<\/h2>\t\t\t\t<\/div>\n\t\t\t\t<\/div>\n\t\t\t\t\t<\/div>\n\t\t<\/div>\n\t\t\t\t\t<\/div>\n\t\t<\/section>\n\t\t\t\t<section class=\"elementor-section elementor-top-section elementor-element elementor-element-303d4bb4 elementor-section-stretched elementor-section-full_width elementor-section-height-default elementor-section-height-default\" data-id=\"303d4bb4\" data-element_type=\"section\" data-e-type=\"section\" data-settings=\"{&quot;stretch_section&quot;:&quot;section-stretched&quot;,&quot;background_background&quot;:&quot;classic&quot;,&quot;animation&quot;:&quot;none&quot;}\">\n\t\t\t\t\t\t<div class=\"elementor-container elementor-column-gap-default\">\n\t\t\t\t\t<div class=\"elementor-column elementor-col-100 elementor-top-column elementor-element elementor-element-6f339624 animated-slow\" data-fullscreen-column-settings=\"{&quot;fullscreen&quot;:&quot;&quot;}\" data-id=\"6f339624\" data-element_type=\"column\" data-e-type=\"column\" data-settings=\"{&quot;background_background&quot;:&quot;classic&quot;,&quot;animation&quot;:&quot;none&quot;}\">\n\t\t\t<div class=\"elementor-widget-wrap elementor-element-populated\">\n\t\t\t\t\t<div class=\"elementor-background-overlay\"><\/div>\n\t\t\t\t\t\t<div class=\"elementor-element elementor-element-6192df17 elementor-widget__width-initial animated-slow elementor-widget elementor-widget-text-editor\" data-id=\"6192df17\" data-element_type=\"widget\" data-e-type=\"widget\" data-settings=\"{&quot;_animation&quot;:&quot;none&quot;,&quot;_animation_tablet&quot;:&quot;slideInLeft&quot;,&quot;_animation_mobile&quot;:&quot;slideInLeft&quot;}\" data-widget_type=\"text-editor.default\">\n\t\t\t\t<div class=\"elementor-widget-container\">\n\t\t\t\t\t\t\t\t\t<p>It\u00b4s done<\/p>\t\t\t\t\t\t\t\t<\/div>\n\t\t\t\t<\/div>\n\t\t\t\t\t<\/div>\n\t\t<\/div>\n\t\t\t\t\t<\/div>\n\t\t<\/section>\n\t\t\t\t<section class=\"elementor-section elementor-top-section elementor-element elementor-element-d349629 elementor-section-stretched elementor-section-full_width elementor-section-height-default elementor-section-height-default\" data-id=\"d349629\" data-element_type=\"section\" data-e-type=\"section\" data-settings=\"{&quot;stretch_section&quot;:&quot;section-stretched&quot;,&quot;background_background&quot;:&quot;classic&quot;,&quot;animation&quot;:&quot;none&quot;}\">\n\t\t\t\t\t\t<div class=\"elementor-container elementor-column-gap-default\">\n\t\t\t\t\t<div class=\"elementor-column elementor-col-100 elementor-top-column elementor-element elementor-element-6e598e42 animated-slow\" data-fullscreen-column-settings=\"{&quot;fullscreen&quot;:&quot;&quot;}\" data-id=\"6e598e42\" data-element_type=\"column\" data-e-type=\"column\" data-settings=\"{&quot;background_background&quot;:&quot;classic&quot;,&quot;animation&quot;:&quot;none&quot;}\">\n\t\t\t<div class=\"elementor-widget-wrap elementor-element-populated\">\n\t\t\t\t\t<div class=\"elementor-background-overlay\"><\/div>\n\t\t\t\t\t\t<div class=\"elementor-element elementor-element-7f99638a elementor-widget__width-initial animated-slow elementor-widget elementor-widget-text-editor\" data-id=\"7f99638a\" data-element_type=\"widget\" data-e-type=\"widget\" data-settings=\"{&quot;_animation&quot;:&quot;none&quot;,&quot;_animation_tablet&quot;:&quot;slideInLeft&quot;,&quot;_animation_mobile&quot;:&quot;slideInLeft&quot;}\" data-widget_type=\"text-editor.default\">\n\t\t\t\t<div class=\"elementor-widget-container\">\n\t\t\t\t\t\t\t\t\t<p class=\"silbentrennung\">The new kiln line 8 of M\u00e4rker Zement GmbH in Harburg is in place and went in operation in May 2022. In the run-up to this major M\u00e4rker project, Kottmann GmbH took over the civil engineering support, the concept planning for the connection of the new plant to the existing plant and the preparation of the building permit. We were also contracted with the object and structural design of the entire concrete structure of the process buildings of the new kiln line 8 as well as the buildings and conveyor systems for RDF. In addition, we were responsible for verifications on the old stock in the course of conversions and for special assembly conditions and carried out construction supervision.<\/p>\n<p>On July 13, 2022, we will provide insights into the construction engineering features of this major project during the visit of Prof. Dr. Alisa Machner and her students from the Technical University of Munich to the Harburg plant.<br><\/p>\n<p><a style=\"color: #666;\" href=\"https:\/\/www.maerker-gruppe.net\/ofen-8.html\">https:\/\/www.maerker-gruppe.net\/ofen-8.html<\/a><\/p>\n<p><a style=\"color: #666;\" href=\"https:\/\/images.app.goo.gl\/p2aEpwF25aqam1sE8\">https:\/\/images.app.goo.gl\/p2aEpwF25aqam1sE8<\/a><\/p>\n<p><a style=\"color: #666;\" href=\"https:\/\/www.augsburger-allgemeine.de\/donauwoerth\/Harburg-So-laeuft-es-auf-der-Riesen-Baustelle-bei-Maerker-in-Harburg-id60917681.html\">https:\/\/www.augsburger-allgemeine.de\/donauwoerth\/Harburg-So-laeuft-es-auf-der-Riesen-Baustelle-bei-Maerker-in-Harburg-id60917681.html<\/a><\/p>\n<p><a style=\"color: #666;\" href=\"https:\/\/www.augsburger-allgemeine.de\/donauwoerth\/harburg-bei-maerker-in-harburg-steht-jetzt-der-ofen-still-id62257901.html\">https:\/\/www.augsburger-allgemeine.de\/donauwoerth\/harburg-bei-maerker-in-harburg-steht-jetzt-der-ofen-still-id62257901.html<\/a><\/p>\t\t\t\t\t\t\t\t<\/div>\n\t\t\t\t<\/div>\n\t\t\t\t\t<\/div>\n\t\t<\/div>\n\t\t\t\t\t<\/div>\n\t\t<\/section>\n\t\t\t\t<section class=\"elementor-section elementor-top-section elementor-element elementor-element-3c91ecf8 elementor-section-stretched elementor-section-full_width elementor-section-height-default elementor-section-height-default\" data-id=\"3c91ecf8\" data-element_type=\"section\" data-e-type=\"section\" data-settings=\"{&quot;stretch_section&quot;:&quot;section-stretched&quot;,&quot;background_background&quot;:&quot;classic&quot;}\">\n\t\t\t\t\t\t<div class=\"elementor-container elementor-column-gap-default\">\n\t\t\t\t\t<div class=\"elementor-column elementor-col-100 elementor-top-column elementor-element elementor-element-486dd8bd\" data-fullscreen-column-settings=\"{&quot;fullscreen&quot;:&quot;&quot;}\" data-id=\"486dd8bd\" data-element_type=\"column\" data-e-type=\"column\" data-settings=\"{&quot;background_background&quot;:&quot;classic&quot;,&quot;animation&quot;:&quot;none&quot;,&quot;animation_tablet&quot;:&quot;slideInLeft&quot;,&quot;animation_mobile&quot;:&quot;fadeInLeft&quot;}\">\n\t\t\t<div class=\"elementor-widget-wrap elementor-element-populated\">\n\t\t\t\t\t\t<div class=\"elementor-element elementor-element-64c0760f elementor-widget__width-initial elementor-widget elementor-widget-image\" data-id=\"64c0760f\" data-element_type=\"widget\" data-e-type=\"widget\" data-widget_type=\"image.default\">\n\t\t\t\t<div class=\"elementor-widget-container\">\n\t\t\t\t\t\t\t\t\t\t\t\t\t\t\t<img fetchpriority=\"high\" decoding=\"async\" width=\"1000\" height=\"750\" src=\"https:\/\/kottmann-engineering.com\/wp-content\/uploads\/2022\/07\/Kottmann-GmbH_Aktuelles_Maerker-Ofen-8_1000px.webp\" class=\"attachment-full size-full wp-image-82177\" alt=\"Kottmann-GmbH_Aktuelles_Maerker-Ofen-8_1000px\" srcset=\"https:\/\/kottmann-engineering.com\/wp-content\/uploads\/2022\/07\/Kottmann-GmbH_Aktuelles_Maerker-Ofen-8_1000px.webp 1000w, https:\/\/kottmann-engineering.com\/wp-content\/uploads\/2022\/07\/Kottmann-GmbH_Aktuelles_Maerker-Ofen-8_1000px-300x225.webp 300w, https:\/\/kottmann-engineering.com\/wp-content\/uploads\/2022\/07\/Kottmann-GmbH_Aktuelles_Maerker-Ofen-8_1000px-768x576.webp 768w, https:\/\/kottmann-engineering.com\/wp-content\/uploads\/2022\/07\/Kottmann-GmbH_Aktuelles_Maerker-Ofen-8_1000px-200x150.webp 200w\" sizes=\"(max-width: 1000px) 100vw, 1000px\" \/>\t\t\t\t\t\t\t\t\t\t\t\t\t\t\t<\/div>\n\t\t\t\t<\/div>\n\t\t\t\t\t<\/div>\n\t\t<\/div>\n\t\t\t\t\t<\/div>\n\t\t<\/section>\n\t\t\t\t<section class=\"elementor-section elementor-top-section elementor-element elementor-element-a5d2fde elementor-section-stretched elementor-section-full_width elementor-section-height-default elementor-section-height-default\" data-id=\"a5d2fde\" data-element_type=\"section\" data-e-type=\"section\" data-settings=\"{&quot;stretch_section&quot;:&quot;section-stretched&quot;,&quot;background_background&quot;:&quot;classic&quot;,&quot;animation&quot;:&quot;none&quot;}\">\n\t\t\t\t\t\t<div class=\"elementor-container elementor-column-gap-default\">\n\t\t\t\t\t<div class=\"elementor-column elementor-col-100 elementor-top-column elementor-element elementor-element-7eb2964d animated-slow\" data-fullscreen-column-settings=\"{&quot;fullscreen&quot;:&quot;&quot;}\" data-id=\"7eb2964d\" data-element_type=\"column\" data-e-type=\"column\" data-settings=\"{&quot;background_background&quot;:&quot;classic&quot;,&quot;animation&quot;:&quot;none&quot;}\">\n\t\t\t<div class=\"elementor-widget-wrap elementor-element-populated\">\n\t\t\t\t\t<div class=\"elementor-background-overlay\"><\/div>\n\t\t\t\t\t\t<div class=\"elementor-element elementor-element-55100b00 elementor-widget__width-initial animated-slow elementor-widget elementor-widget-text-editor\" data-id=\"55100b00\" data-element_type=\"widget\" data-e-type=\"widget\" data-settings=\"{&quot;_animation&quot;:&quot;none&quot;,&quot;_animation_tablet&quot;:&quot;slideInLeft&quot;,&quot;_animation_mobile&quot;:&quot;slideInLeft&quot;}\" data-widget_type=\"text-editor.default\">\n\t\t\t\t<div class=\"elementor-widget-container\">\n\t\t\t\t\t\t\t\t\t<p>Fotos: M\u00e4rker Gruppe, Kottmann GmbH<u><br \/><\/u><\/p>\t\t\t\t\t\t\t\t<\/div>\n\t\t\t\t<\/div>\n\t\t\t\t\t<\/div>\n\t\t<\/div>\n\t\t\t\t\t<\/div>\n\t\t<\/section>\n\t\t\t\t<\/div>","protected":false},"excerpt":{"rendered":"<p>Aktuelles M\u00e4rker Zement Ofen 8 &#8211; Juni 2022 Es ist vollbracht! Die neue Ofenlinie 8 der M\u00e4rker Zement GmbH in Harburg steht und wurde im Mai 2022 in Betrieb genommen. Im Vorfeld \u00fcbernahm die Kottmann GmbH f\u00fcr dieses M\u00e4rker-Gro\u00dfprojekt die bautechnische Kundenbetreuung, die Konzeptplanung zur Anbindung der neuen Anlage an den Bestand und die Erstellung [&hellip;]<\/p>\n","protected":false},"author":1,"featured_media":0,"parent":0,"menu_order":0,"comment_status":"closed","ping_status":"closed","template":"","meta":{"slim_seo":{"title":"Nachricht - M\u00e4rker Zement Ofen 8 - Kottmann GmbH","description":"Aktuelles M\u00e4rker Zement Ofen 8 - Juni 2022 Es ist vollbracht! Die neue Ofenlinie 8 der M\u00e4rker Zement GmbH in Harburg steht und wurde im Mai 2022 in Betrieb geno"},"footnotes":""},"class_list":["post-79958","page","type-page","status-publish","hentry"],"_links":{"self":[{"href":"https:\/\/kottmann-engineering.com\/en\/wp-json\/wp\/v2\/pages\/79958","targetHints":{"allow":["GET"]}}],"collection":[{"href":"https:\/\/kottmann-engineering.com\/en\/wp-json\/wp\/v2\/pages"}],"about":[{"href":"https:\/\/kottmann-engineering.com\/en\/wp-json\/wp\/v2\/types\/page"}],"author":[{"embeddable":true,"href":"https:\/\/kottmann-engineering.com\/en\/wp-json\/wp\/v2\/users\/1"}],"replies":[{"embeddable":true,"href":"https:\/\/kottmann-engineering.com\/en\/wp-json\/wp\/v2\/comments?post=79958"}],"version-history":[{"count":0,"href":"https:\/\/kottmann-engineering.com\/en\/wp-json\/wp\/v2\/pages\/79958\/revisions"}],"wp:attachment":[{"href":"https:\/\/kottmann-engineering.com\/en\/wp-json\/wp\/v2\/media?parent=79958"}],"curies":[{"name":"wp","href":"https:\/\/api.w.org\/{rel}","templated":true}]}}