{"id":79857,"date":"2022-05-14T13:56:00","date_gmt":"2022-05-14T11:56:00","guid":{"rendered":"https:\/\/pre.kottmann-engineering.org\/?page_id=79857"},"modified":"2025-11-24T14:02:34","modified_gmt":"2025-11-24T13:02:34","slug":"3d-druck-betonbau","status":"publish","type":"page","link":"https:\/\/kottmann-engineering.com\/en\/3d-druck-betonbau\/","title":{"rendered":"Nachricht &#8211; 3D Druck im Betonbau"},"content":{"rendered":"<div data-elementor-type=\"wp-page\" data-elementor-id=\"79857\" class=\"elementor elementor-79857\">\n\t\t\t\t\t\t<section class=\"elementor-section elementor-top-section elementor-element elementor-element-45bc4269 elementor-section-stretched elementor-section-full_width elementor-section-height-default elementor-section-height-default\" data-id=\"45bc4269\" data-element_type=\"section\" data-e-type=\"section\" data-settings=\"{&quot;stretch_section&quot;:&quot;section-stretched&quot;,&quot;background_background&quot;:&quot;classic&quot;}\">\n\t\t\t\t\t\t\t<div class=\"elementor-background-overlay\"><\/div>\n\t\t\t\t\t\t\t<div class=\"elementor-container elementor-column-gap-default\">\n\t\t\t\t\t<div class=\"elementor-column elementor-col-100 elementor-top-column elementor-element elementor-element-1ccb2bf3\" data-fullscreen-column-settings=\"{&quot;fullscreen&quot;:&quot;&quot;}\" data-id=\"1ccb2bf3\" data-element_type=\"column\" data-e-type=\"column\">\n\t\t\t<div class=\"elementor-widget-wrap elementor-element-populated\">\n\t\t\t\t\t\t<div class=\"elementor-element elementor-element-32efdfd3 elementor-widget elementor-widget-spacer\" data-id=\"32efdfd3\" data-element_type=\"widget\" data-e-type=\"widget\" data-widget_type=\"spacer.default\">\n\t\t\t\t<div class=\"elementor-widget-container\">\n\t\t\t\t\t\t\t<div class=\"elementor-spacer\">\n\t\t\t<div class=\"elementor-spacer-inner\"><\/div>\n\t\t<\/div>\n\t\t\t\t\t\t<\/div>\n\t\t\t\t<\/div>\n\t\t\t\t<div class=\"elementor-element elementor-element-47ce429e elementor-widget elementor-widget-heading\" data-id=\"47ce429e\" data-element_type=\"widget\" data-e-type=\"widget\" data-widget_type=\"heading.default\">\n\t\t\t\t<div class=\"elementor-widget-container\">\n\t\t\t\t\t<h1 class=\"elementor-heading-title elementor-size-default\"><a href=\"\/en\/aktuelles\/\">News<\/a><\/h1>\t\t\t\t<\/div>\n\t\t\t\t<\/div>\n\t\t\t\t\t<\/div>\n\t\t<\/div>\n\t\t\t\t\t<\/div>\n\t\t<\/section>\n\t\t\t\t<section class=\"elementor-section elementor-top-section elementor-element elementor-element-6a349b5e elementor-section-stretched elementor-section-full_width elementor-section-height-default elementor-section-height-default\" data-id=\"6a349b5e\" data-element_type=\"section\" data-e-type=\"section\" data-settings=\"{&quot;stretch_section&quot;:&quot;section-stretched&quot;,&quot;background_background&quot;:&quot;classic&quot;,&quot;animation&quot;:&quot;none&quot;}\">\n\t\t\t\t\t\t<div class=\"elementor-container elementor-column-gap-default\">\n\t\t\t\t\t<div class=\"elementor-column elementor-col-100 elementor-top-column elementor-element elementor-element-7c1a4954 animated-slow\" data-fullscreen-column-settings=\"{&quot;fullscreen&quot;:&quot;&quot;}\" data-id=\"7c1a4954\" data-element_type=\"column\" data-e-type=\"column\" data-settings=\"{&quot;background_background&quot;:&quot;classic&quot;,&quot;animation&quot;:&quot;none&quot;}\">\n\t\t\t<div class=\"elementor-widget-wrap elementor-element-populated\">\n\t\t\t\t\t<div class=\"elementor-background-overlay\"><\/div>\n\t\t\t\t\t\t<div class=\"elementor-element elementor-element-8d6184e elementor-widget__width-initial elementor-widget elementor-widget-heading\" data-id=\"8d6184e\" data-element_type=\"widget\" data-e-type=\"widget\" data-widget_type=\"heading.default\">\n\t\t\t\t<div class=\"elementor-widget-container\">\n\t\t\t\t\t<h2 class=\"elementor-heading-title elementor-size-default\">3d printing in concrete construction<\/h2>\t\t\t\t<\/div>\n\t\t\t\t<\/div>\n\t\t\t\t\t<\/div>\n\t\t<\/div>\n\t\t\t\t\t<\/div>\n\t\t<\/section>\n\t\t\t\t<section class=\"elementor-section elementor-top-section elementor-element elementor-element-22e225ef elementor-section-stretched elementor-section-full_width elementor-section-height-default elementor-section-height-default\" data-id=\"22e225ef\" data-element_type=\"section\" data-e-type=\"section\" data-settings=\"{&quot;stretch_section&quot;:&quot;section-stretched&quot;,&quot;background_background&quot;:&quot;classic&quot;,&quot;animation&quot;:&quot;none&quot;}\">\n\t\t\t\t\t\t<div class=\"elementor-container elementor-column-gap-default\">\n\t\t\t\t\t<div class=\"elementor-column elementor-col-100 elementor-top-column elementor-element elementor-element-14fb34b1\" data-fullscreen-column-settings=\"{&quot;fullscreen&quot;:&quot;&quot;}\" data-id=\"14fb34b1\" data-element_type=\"column\" data-e-type=\"column\" data-settings=\"{&quot;background_background&quot;:&quot;classic&quot;,&quot;animation&quot;:&quot;none&quot;}\">\n\t\t\t<div class=\"elementor-widget-wrap elementor-element-populated\">\n\t\t\t\t\t<div class=\"elementor-background-overlay\"><\/div>\n\t\t\t\t\t\t<div class=\"elementor-element elementor-element-5fb5d2a7 elementor-widget__width-initial elementor-widget elementor-widget-text-editor\" data-id=\"5fb5d2a7\" data-element_type=\"widget\" data-e-type=\"widget\" data-settings=\"{&quot;_animation&quot;:&quot;none&quot;,&quot;_animation_tablet&quot;:&quot;slideInLeft&quot;,&quot;_animation_mobile&quot;:&quot;slideInLeft&quot;}\" data-widget_type=\"text-editor.default\">\n\t\t\t\t<div class=\"elementor-widget-container\">\n\t\t\t\t\t\t\t\t\t<p>Printing also works with concrete<\/p>\t\t\t\t\t\t\t\t<\/div>\n\t\t\t\t<\/div>\n\t\t\t\t\t<\/div>\n\t\t<\/div>\n\t\t\t\t\t<\/div>\n\t\t<\/section>\n\t\t\t\t<section class=\"elementor-section elementor-top-section elementor-element elementor-element-2278584c elementor-section-stretched elementor-section-full_width elementor-section-height-default elementor-section-height-default\" data-id=\"2278584c\" data-element_type=\"section\" data-e-type=\"section\" data-settings=\"{&quot;stretch_section&quot;:&quot;section-stretched&quot;,&quot;background_background&quot;:&quot;classic&quot;,&quot;animation&quot;:&quot;none&quot;}\">\n\t\t\t\t\t\t<div class=\"elementor-container elementor-column-gap-default\">\n\t\t\t\t\t<div class=\"elementor-column elementor-col-100 elementor-top-column elementor-element elementor-element-2b96d384\" data-fullscreen-column-settings=\"{&quot;fullscreen&quot;:&quot;&quot;}\" data-id=\"2b96d384\" data-element_type=\"column\" data-e-type=\"column\" data-settings=\"{&quot;background_background&quot;:&quot;classic&quot;,&quot;animation&quot;:&quot;none&quot;}\">\n\t\t\t<div class=\"elementor-widget-wrap elementor-element-populated\">\n\t\t\t\t\t<div class=\"elementor-background-overlay\"><\/div>\n\t\t\t\t\t\t<div class=\"elementor-element elementor-element-16077cf2 elementor-widget__width-initial elementor-widget elementor-widget-text-editor\" data-id=\"16077cf2\" data-element_type=\"widget\" data-e-type=\"widget\" data-settings=\"{&quot;_animation&quot;:&quot;none&quot;,&quot;_animation_tablet&quot;:&quot;slideInLeft&quot;,&quot;_animation_mobile&quot;:&quot;slideInLeft&quot;}\" data-widget_type=\"text-editor.default\">\n\t\t\t\t<div class=\"elementor-widget-container\">\n\t\t\t\t\t\t\t\t\t<p class=\"silbentrennung\">Concrete 3d printing was not a flash in the pan of a freak, but is a revolution for working with concrete in civil engineering.<\/p>\n<p>At the moment, this technology is still mainly used in residential construction and for unique architectural pieces, but its field of application is increasingly growing in industrial construction, which can save both material and time.<\/p>\n<p>We are impressed by the exciting possibilities that Eigner Betonmanufaktur GmbH &amp; Co. KG at the presentation event of the 3d concrete printer in N\u00f6rdlingen. In our project \"M\u00e4rker Zement - Ofen 8\" we were already able to get to know the practical use of 3d concrete printing by Eigner.<br><\/p>\n<p><a style=\"color: #666666;\" href=\"https:\/\/www.youtube.com\/watch?v=1bdYAvKmmvA\">https:\/\/www.youtube.com\/watch?v=1bdYAvKmmvA<\/a><\/p>\t\t\t\t\t\t\t\t<\/div>\n\t\t\t\t<\/div>\n\t\t\t\t\t<\/div>\n\t\t<\/div>\n\t\t\t\t\t<\/div>\n\t\t<\/section>\n\t\t\t\t<section class=\"elementor-section elementor-top-section elementor-element elementor-element-2cd81747 elementor-section-stretched elementor-section-full_width elementor-section-height-default elementor-section-height-default\" data-id=\"2cd81747\" data-element_type=\"section\" data-e-type=\"section\" data-settings=\"{&quot;stretch_section&quot;:&quot;section-stretched&quot;,&quot;background_background&quot;:&quot;classic&quot;}\">\n\t\t\t\t\t\t<div class=\"elementor-container elementor-column-gap-default\">\n\t\t\t\t\t<div class=\"elementor-column elementor-col-100 elementor-top-column elementor-element elementor-element-72b5087f\" data-fullscreen-column-settings=\"{&quot;fullscreen&quot;:&quot;&quot;}\" data-id=\"72b5087f\" data-element_type=\"column\" data-e-type=\"column\" data-settings=\"{&quot;background_background&quot;:&quot;classic&quot;,&quot;animation&quot;:&quot;none&quot;,&quot;animation_tablet&quot;:&quot;slideInLeft&quot;,&quot;animation_mobile&quot;:&quot;fadeInLeft&quot;}\">\n\t\t\t<div class=\"elementor-widget-wrap elementor-element-populated\">\n\t\t\t\t\t\t<div class=\"elementor-element elementor-element-189f8341 elementor-widget__width-initial elementor-widget elementor-widget-image\" data-id=\"189f8341\" data-element_type=\"widget\" data-e-type=\"widget\" data-widget_type=\"image.default\">\n\t\t\t\t<div class=\"elementor-widget-container\">\n\t\t\t\t\t\t\t\t\t\t\t\t\t\t\t<img fetchpriority=\"high\" decoding=\"async\" width=\"1280\" height=\"1707\" src=\"https:\/\/kottmann-engineering.com\/wp-content\/uploads\/2022\/07\/Kottmann-GmbH_Aktuelles_Betondruck_01_1280.webp\" class=\"attachment-full size-full wp-image-81728\" alt=\"Kottmann-GmbH_Aktuelles_Betondruck_01_1280\" srcset=\"https:\/\/kottmann-engineering.com\/wp-content\/uploads\/2022\/07\/Kottmann-GmbH_Aktuelles_Betondruck_01_1280.webp 1280w, https:\/\/kottmann-engineering.com\/wp-content\/uploads\/2022\/07\/Kottmann-GmbH_Aktuelles_Betondruck_01_1280-225x300.webp 225w, https:\/\/kottmann-engineering.com\/wp-content\/uploads\/2022\/07\/Kottmann-GmbH_Aktuelles_Betondruck_01_1280-768x1024.webp 768w, https:\/\/kottmann-engineering.com\/wp-content\/uploads\/2022\/07\/Kottmann-GmbH_Aktuelles_Betondruck_01_1280-1152x1536.webp 1152w, https:\/\/kottmann-engineering.com\/wp-content\/uploads\/2022\/07\/Kottmann-GmbH_Aktuelles_Betondruck_01_1280-200x267.webp 200w\" sizes=\"(max-width: 1280px) 100vw, 1280px\" \/>\t\t\t\t\t\t\t\t\t\t\t\t\t\t\t<\/div>\n\t\t\t\t<\/div>\n\t\t\t\t\t<\/div>\n\t\t<\/div>\n\t\t\t\t\t<\/div>\n\t\t<\/section>\n\t\t\t\t<section class=\"elementor-section elementor-top-section elementor-element elementor-element-abedb31 elementor-section-stretched elementor-section-full_width elementor-section-height-default elementor-section-height-default\" data-id=\"abedb31\" data-element_type=\"section\" data-e-type=\"section\" data-settings=\"{&quot;stretch_section&quot;:&quot;section-stretched&quot;,&quot;background_background&quot;:&quot;classic&quot;}\">\n\t\t\t\t\t\t<div class=\"elementor-container elementor-column-gap-default\">\n\t\t\t\t\t<div class=\"elementor-column elementor-col-100 elementor-top-column elementor-element elementor-element-bc45baf\" data-fullscreen-column-settings=\"{&quot;fullscreen&quot;:&quot;&quot;}\" data-id=\"bc45baf\" data-element_type=\"column\" data-e-type=\"column\" data-settings=\"{&quot;background_background&quot;:&quot;classic&quot;,&quot;animation&quot;:&quot;none&quot;,&quot;animation_tablet&quot;:&quot;slideInLeft&quot;,&quot;animation_mobile&quot;:&quot;fadeInLeft&quot;}\">\n\t\t\t<div class=\"elementor-widget-wrap elementor-element-populated\">\n\t\t\t\t\t\t<div class=\"elementor-element elementor-element-7c3fe53 elementor-widget__width-initial elementor-widget elementor-widget-image\" data-id=\"7c3fe53\" data-element_type=\"widget\" data-e-type=\"widget\" data-widget_type=\"image.default\">\n\t\t\t\t<div class=\"elementor-widget-container\">\n\t\t\t\t\t\t\t\t\t\t\t\t\t\t\t<img decoding=\"async\" width=\"1280\" height=\"1707\" src=\"https:\/\/kottmann-engineering.com\/wp-content\/uploads\/2022\/07\/Kottmann-GmbH_Aktuelles_Betondruck_02_1280.webp.webp\" class=\"attachment-full size-full wp-image-81729\" alt=\"Kottmann-GmbH_Aktuelles_Betondruck_02_1280.webp\" srcset=\"https:\/\/kottmann-engineering.com\/wp-content\/uploads\/2022\/07\/Kottmann-GmbH_Aktuelles_Betondruck_02_1280.webp.webp 1280w, https:\/\/kottmann-engineering.com\/wp-content\/uploads\/2022\/07\/Kottmann-GmbH_Aktuelles_Betondruck_02_1280.webp-225x300.webp 225w, https:\/\/kottmann-engineering.com\/wp-content\/uploads\/2022\/07\/Kottmann-GmbH_Aktuelles_Betondruck_02_1280.webp-768x1024.webp 768w, https:\/\/kottmann-engineering.com\/wp-content\/uploads\/2022\/07\/Kottmann-GmbH_Aktuelles_Betondruck_02_1280.webp-1152x1536.webp 1152w, https:\/\/kottmann-engineering.com\/wp-content\/uploads\/2022\/07\/Kottmann-GmbH_Aktuelles_Betondruck_02_1280.webp-200x267.webp 200w\" sizes=\"(max-width: 1280px) 100vw, 1280px\" \/>\t\t\t\t\t\t\t\t\t\t\t\t\t\t\t<\/div>\n\t\t\t\t<\/div>\n\t\t\t\t\t<\/div>\n\t\t<\/div>\n\t\t\t\t\t<\/div>\n\t\t<\/section>\n\t\t\t\t<section class=\"elementor-section elementor-top-section elementor-element elementor-element-7fa551d elementor-section-stretched elementor-section-full_width elementor-section-height-default elementor-section-height-default\" data-id=\"7fa551d\" data-element_type=\"section\" data-e-type=\"section\" data-settings=\"{&quot;stretch_section&quot;:&quot;section-stretched&quot;,&quot;background_background&quot;:&quot;classic&quot;}\">\n\t\t\t\t\t\t<div class=\"elementor-container elementor-column-gap-default\">\n\t\t\t\t\t<div class=\"elementor-column elementor-col-100 elementor-top-column elementor-element elementor-element-29303fa\" data-fullscreen-column-settings=\"{&quot;fullscreen&quot;:&quot;&quot;}\" data-id=\"29303fa\" data-element_type=\"column\" data-e-type=\"column\" data-settings=\"{&quot;background_background&quot;:&quot;classic&quot;,&quot;animation&quot;:&quot;none&quot;,&quot;animation_tablet&quot;:&quot;slideInLeft&quot;,&quot;animation_mobile&quot;:&quot;fadeInLeft&quot;}\">\n\t\t\t<div class=\"elementor-widget-wrap elementor-element-populated\">\n\t\t\t\t\t\t<div class=\"elementor-element elementor-element-bf549b1 elementor-widget__width-initial elementor-widget elementor-widget-image\" data-id=\"bf549b1\" data-element_type=\"widget\" data-e-type=\"widget\" data-widget_type=\"image.default\">\n\t\t\t\t<div class=\"elementor-widget-container\">\n\t\t\t\t\t\t\t\t\t\t\t\t\t\t\t<img decoding=\"async\" width=\"1280\" height=\"1707\" src=\"https:\/\/kottmann-engineering.com\/wp-content\/uploads\/2022\/07\/Kottmann-GmbH_Aktuelles_Betondruck_03_1280.webp.webp\" class=\"attachment-full size-full wp-image-81730\" alt=\"Kottmann-GmbH_Aktuelles_Betondruck_03_1280.webp\" srcset=\"https:\/\/kottmann-engineering.com\/wp-content\/uploads\/2022\/07\/Kottmann-GmbH_Aktuelles_Betondruck_03_1280.webp.webp 1280w, https:\/\/kottmann-engineering.com\/wp-content\/uploads\/2022\/07\/Kottmann-GmbH_Aktuelles_Betondruck_03_1280.webp-225x300.webp 225w, https:\/\/kottmann-engineering.com\/wp-content\/uploads\/2022\/07\/Kottmann-GmbH_Aktuelles_Betondruck_03_1280.webp-768x1024.webp 768w, https:\/\/kottmann-engineering.com\/wp-content\/uploads\/2022\/07\/Kottmann-GmbH_Aktuelles_Betondruck_03_1280.webp-1152x1536.webp 1152w, https:\/\/kottmann-engineering.com\/wp-content\/uploads\/2022\/07\/Kottmann-GmbH_Aktuelles_Betondruck_03_1280.webp-200x267.webp 200w\" sizes=\"(max-width: 1280px) 100vw, 1280px\" \/>\t\t\t\t\t\t\t\t\t\t\t\t\t\t\t<\/div>\n\t\t\t\t<\/div>\n\t\t\t\t\t<\/div>\n\t\t<\/div>\n\t\t\t\t\t<\/div>\n\t\t<\/section>\n\t\t\t\t<section class=\"elementor-section elementor-top-section elementor-element elementor-element-9bf1545 elementor-section-stretched elementor-section-full_width elementor-section-height-default elementor-section-height-default\" data-id=\"9bf1545\" data-element_type=\"section\" data-e-type=\"section\" data-settings=\"{&quot;stretch_section&quot;:&quot;section-stretched&quot;,&quot;background_background&quot;:&quot;classic&quot;}\">\n\t\t\t\t\t\t<div class=\"elementor-container elementor-column-gap-default\">\n\t\t\t\t\t<div class=\"elementor-column elementor-col-100 elementor-top-column elementor-element elementor-element-25bc931\" data-fullscreen-column-settings=\"{&quot;fullscreen&quot;:&quot;&quot;}\" data-id=\"25bc931\" data-element_type=\"column\" data-e-type=\"column\" data-settings=\"{&quot;background_background&quot;:&quot;classic&quot;,&quot;animation&quot;:&quot;none&quot;,&quot;animation_tablet&quot;:&quot;slideInLeft&quot;,&quot;animation_mobile&quot;:&quot;fadeInLeft&quot;}\">\n\t\t\t<div class=\"elementor-widget-wrap elementor-element-populated\">\n\t\t\t\t\t\t<div class=\"elementor-element elementor-element-5358ea3 elementor-widget__width-initial elementor-widget elementor-widget-image\" data-id=\"5358ea3\" data-element_type=\"widget\" data-e-type=\"widget\" data-widget_type=\"image.default\">\n\t\t\t\t<div class=\"elementor-widget-container\">\n\t\t\t\t\t\t\t\t\t\t\t\t\t\t\t<img loading=\"lazy\" decoding=\"async\" width=\"1280\" height=\"1707\" src=\"https:\/\/kottmann-engineering.com\/wp-content\/uploads\/2022\/07\/Kottmann-GmbH_Aktuelles_Betondruck_04_1280.webp.webp\" class=\"attachment-full size-full wp-image-81731\" alt=\"Kottmann-GmbH_Aktuelles_Betondruck_04_1280.webp\" srcset=\"https:\/\/kottmann-engineering.com\/wp-content\/uploads\/2022\/07\/Kottmann-GmbH_Aktuelles_Betondruck_04_1280.webp.webp 1280w, https:\/\/kottmann-engineering.com\/wp-content\/uploads\/2022\/07\/Kottmann-GmbH_Aktuelles_Betondruck_04_1280.webp-225x300.webp 225w, https:\/\/kottmann-engineering.com\/wp-content\/uploads\/2022\/07\/Kottmann-GmbH_Aktuelles_Betondruck_04_1280.webp-768x1024.webp 768w, https:\/\/kottmann-engineering.com\/wp-content\/uploads\/2022\/07\/Kottmann-GmbH_Aktuelles_Betondruck_04_1280.webp-1152x1536.webp 1152w, https:\/\/kottmann-engineering.com\/wp-content\/uploads\/2022\/07\/Kottmann-GmbH_Aktuelles_Betondruck_04_1280.webp-200x267.webp 200w\" sizes=\"(max-width: 1280px) 100vw, 1280px\" \/>\t\t\t\t\t\t\t\t\t\t\t\t\t\t\t<\/div>\n\t\t\t\t<\/div>\n\t\t\t\t\t<\/div>\n\t\t<\/div>\n\t\t\t\t\t<\/div>\n\t\t<\/section>\n\t\t\t\t<section class=\"elementor-section elementor-top-section elementor-element elementor-element-654d059f elementor-section-stretched elementor-section-full_width elementor-section-height-default elementor-section-height-default\" data-id=\"654d059f\" data-element_type=\"section\" data-e-type=\"section\" data-settings=\"{&quot;stretch_section&quot;:&quot;section-stretched&quot;,&quot;background_background&quot;:&quot;classic&quot;,&quot;animation&quot;:&quot;none&quot;}\">\n\t\t\t\t\t\t<div class=\"elementor-container elementor-column-gap-default\">\n\t\t\t\t\t<div class=\"elementor-column elementor-col-100 elementor-top-column elementor-element elementor-element-e523f0d animated-slow\" data-fullscreen-column-settings=\"{&quot;fullscreen&quot;:&quot;&quot;}\" data-id=\"e523f0d\" data-element_type=\"column\" data-e-type=\"column\" data-settings=\"{&quot;background_background&quot;:&quot;classic&quot;,&quot;animation&quot;:&quot;none&quot;}\">\n\t\t\t<div class=\"elementor-widget-wrap elementor-element-populated\">\n\t\t\t\t\t<div class=\"elementor-background-overlay\"><\/div>\n\t\t\t\t\t\t<div class=\"elementor-element elementor-element-329cc6ed elementor-widget__width-initial animated-slow elementor-widget elementor-widget-text-editor\" data-id=\"329cc6ed\" data-element_type=\"widget\" data-e-type=\"widget\" data-settings=\"{&quot;_animation&quot;:&quot;none&quot;,&quot;_animation_tablet&quot;:&quot;slideInLeft&quot;,&quot;_animation_mobile&quot;:&quot;slideInLeft&quot;}\" data-widget_type=\"text-editor.default\">\n\t\t\t\t<div class=\"elementor-widget-container\">\n\t\t\t\t\t\t\t\t\t<p>Fotos: Eigner Betonmanufaktur GmbH &amp; Co.KG<\/p>\t\t\t\t\t\t\t\t<\/div>\n\t\t\t\t<\/div>\n\t\t\t\t\t<\/div>\n\t\t<\/div>\n\t\t\t\t\t<\/div>\n\t\t<\/section>\n\t\t\t\t<\/div>","protected":false},"excerpt":{"rendered":"<p>Aktuelles 3D-Druck im Betonbau Drucken geht auch mit Beton Der 3D-Druck aus Beton war keine Eintagsfliege eines Freaks, sondern ist eine Revolution f\u00fcr die Arbeit mit Beton im Hoch- und Tiefbau. Momentan wird diese Technik zwar noch vor allem im Wohnungsbau und f\u00fcr architektonische Einzelst\u00fccke verwendet, jedoch steigt ihr Einsatzfeld zunehmend auch im Industriebau, wodurch [&hellip;]<\/p>\n","protected":false},"author":1,"featured_media":0,"parent":0,"menu_order":0,"comment_status":"closed","ping_status":"closed","template":"","meta":{"slim_seo":{"title":"Nachricht - 3D Druck im Betonbau - Kottmann GmbH","description":"Aktuelles 3D-Druck im Betonbau Drucken geht auch mit Beton Der 3D-Druck aus Beton war keine Eintagsfliege eines Freaks, sondern ist eine Revolution f\u00fcr die Arbe"},"footnotes":""},"class_list":["post-79857","page","type-page","status-publish","hentry"],"_links":{"self":[{"href":"https:\/\/kottmann-engineering.com\/en\/wp-json\/wp\/v2\/pages\/79857","targetHints":{"allow":["GET"]}}],"collection":[{"href":"https:\/\/kottmann-engineering.com\/en\/wp-json\/wp\/v2\/pages"}],"about":[{"href":"https:\/\/kottmann-engineering.com\/en\/wp-json\/wp\/v2\/types\/page"}],"author":[{"embeddable":true,"href":"https:\/\/kottmann-engineering.com\/en\/wp-json\/wp\/v2\/users\/1"}],"replies":[{"embeddable":true,"href":"https:\/\/kottmann-engineering.com\/en\/wp-json\/wp\/v2\/comments?post=79857"}],"version-history":[{"count":0,"href":"https:\/\/kottmann-engineering.com\/en\/wp-json\/wp\/v2\/pages\/79857\/revisions"}],"wp:attachment":[{"href":"https:\/\/kottmann-engineering.com\/en\/wp-json\/wp\/v2\/media?parent=79857"}],"curies":[{"name":"wp","href":"https:\/\/api.w.org\/{rel}","templated":true}]}}